{"id":1952,"date":"2025-08-08T08:57:09","date_gmt":"2025-08-08T08:57:09","guid":{"rendered":"https:\/\/nakotnesparks.lv\/about-us\/"},"modified":"2026-03-18T09:16:05","modified_gmt":"2026-03-18T09:16:05","slug":"about-us","status":"publish","type":"page","link":"https:\/\/nakotnesparks.lv\/en\/about-us\/","title":{"rendered":"About us"},"content":{"rendered":"<section id=\"category-title-header-block_3c0360eb0f682240a7a3745babe08657\" class=\"block category-title-header \">\n\t<div class=\"grid-container\">\n\t\t<div class=\"grid-x grid-padding-x\">\n\t\t\t<div class=\"cell large-7\">\n\t\t\t\t<div class=\"category-title-header__holder\">\t\t\t\t\t\n\t\t\t\t\t<h1>About us<\/h1>\n\t\t\t\t\t\t\t\t\t<\/div>\t\t\t\t\n\t\t\t<\/div>\n\t\t<\/div>\n\t<\/div>\n<\/section>\n\n<div class=\"category-title-header__holder-img\">\n\t<div class=\"grid-container\">\n\t\t<div class=\"grid-x grid-padding-x\">\n\t\t\t<div class=\"cell small-12\">\n\t\t\t\t<figure><img decoding=\"async\" src=\"https:\/\/nakotnesparks.lv\/wp-content\/uploads\/2025\/09\/Konferencu-telpas-fokusetam-un-saturiski-vertigam-tiksanas-reizem-1-1.jpg\" alt=\"\"><\/figure>\n\t\t\t<\/div>\n\t\t<\/div>\t\t\t\t\n\t<\/div>\n<\/div>\n<section id=\"text-and-image-block_dd35e6412e66db3213095428d8aef417\" class=\"block text-and-image \">\n    <div class=\"grid-container\">\n\t\t<div class=\"grid-x grid-padding-x\">\n\t\t\t<div class=\"cell\">\t\t\t\n\t\t\t\t<div class=\"grid-x grid-padding-x align-justify large-flex-dir-row-reverse\">\n\t\t\t\t\t<div class=\"cell small-12 large-5 \">\n                       \t<div class=\"text-and-image__desc\">\n\t\t\t\t\t\t\t<h2>Here the past, present and future meet!<\/h2>\n<p>The adventure and inspiration place &#8220;Future Park&#8221; is a 50-hectare area where families with children, groups of friends and colleagues, lovers and lovers of life, as well as everyone who loves a good rest will have an exciting time. &#8220;N\u0101kotne Park is located in Jelgava municipality, Gluda parish, in the place where the famous Soviet-era collective farm N\u0101kotne was located in the last century. Here, adventure alternates with peaceful relaxation and the industrial is successfully combined with nature.<\/p>\n\t\t\t\t\t\t\t\t\t\t\t\t\t<\/div>\n\t\t\t\t\t<\/div>\n\t\t\t\t\t<div class=\"cell small-12 large-6\">\n\t\t\t\t\t\t<figure><img decoding=\"async\" src=\"https:\/\/nakotnesparks.lv\/wp-content\/uploads\/2025\/08\/laika-masina-industrialais-mantojums-e1758177566911.jpg\" alt=\"Laika ma\u0161\u012bna - industri\u0101lais mantojums\"><\/figure>\n\t\t\t\t\t<\/div>\n\t\t\t\t<\/div>\n\t\t\t<\/div>\n\t\t<\/div>\n\t<\/div>\n<\/section>\n\n\n\n\n\n<section id=\"gallery-block_6c614beaebcba3d3c44b0805b5e79e2d\" class=\"block gallery \">\n    <div class=\"grid-container\">    \n        <div class=\"grid-x grid-padding-x align-center\">\n\t\t\t<div class=\"cell small-12\">\n                <h2 class=\"galery__title\">\n                    Gallery                <\/h2>\n                            <\/div>\n        <\/div>\n        <div class=\"grid-x grid-padding-x align-center\">\n            <div class=\"cell small-12\">\n                <div class=\"galery__wrap\">\n                    <div class=\"galery__images-box\">\n                        <a href=\"https:\/\/nakotnesparks.lv\/wp-content\/uploads\/2025\/08\/ekskursija-darba-kolektiviem-5.jpg\" data-fancybox=\"gallery\">\n                            <img decoding=\"async\" src=\"https:\/\/nakotnesparks.lv\/wp-content\/uploads\/2025\/08\/ekskursija-darba-kolektiviem-5.jpg\" alt=\"ekskursijas darba kolekt\u012bviem\">\n                        <\/a>\n                        <div class=\"galery__preview\">\n\n                                                                                                                                                                <a href=\"https:\/\/nakotnesparks.lv\/wp-content\/uploads\/2025\/08\/Nakotne-10-scaled-1024x683-1.jpg\" data-fancybox=\"gallery\">\n                                        <img decoding=\"async\" src=\"https:\/\/nakotnesparks.lv\/wp-content\/uploads\/2025\/08\/Nakotne-10-scaled-1024x683-1.jpg\" alt=\"\">\n                                    <\/a>\n                                                                                                                                                                <a href=\"https:\/\/nakotnesparks.lv\/wp-content\/uploads\/2025\/10\/galerijas_attels-e1759827544675.jpg\" data-fancybox=\"gallery\">\n                                        <img decoding=\"async\" src=\"https:\/\/nakotnesparks.lv\/wp-content\/uploads\/2025\/10\/galerijas_attels-e1759827544675.jpg\" alt=\"Korporat\u012bvo pas\u0101kumu telpas komandas m\u0113r\u0137u sasnieg\u0161anai\">\n                                    <\/a>\n                                                                                                                                                                <a href=\"https:\/\/nakotnesparks.lv\/wp-content\/uploads\/2025\/10\/GALERIJA.jpg\" data-fancybox=\"gallery\">\n                                        <img decoding=\"async\" src=\"https:\/\/nakotnesparks.lv\/wp-content\/uploads\/2025\/10\/GALERIJA.jpg\" alt=\"Skats no aug\u0161as\">\n                                    <\/a>\n                                                                                                                                                                <div class=\"galery__add-preview\">\n                                        <span>+5 att\u0113li<\/span>\n                                        <a href=\"https:\/\/nakotnesparks.lv\/wp-content\/uploads\/2025\/10\/galerijas_attels_2.jpg\" data-fancybox=\"gallery\">\n                                            <img decoding=\"async\" src=\"https:\/\/nakotnesparks.lv\/wp-content\/uploads\/2025\/10\/galerijas_attels_2.jpg\" alt=\"Latvijas karogs\">\n                                        <\/a>\n                                    <\/div>\n                                                                                    <\/div>\n                    <\/div>\n                                            <div class=\"galery__preview-show\">\n                                                            <a href=\"https:\/\/nakotnesparks.lv\/wp-content\/uploads\/2025\/08\/nakotnes-parks-sakumlapa-9.jpg\" data-fancybox=\"gallery\">\n                                    <img decoding=\"async\" src=\"https:\/\/nakotnesparks.lv\/wp-content\/uploads\/2025\/08\/nakotnes-parks-sakumlapa-9.jpg\" alt=\"N\u0101kotnes industri\u0101lais parks\">\n                                <\/a>\n                                                            <a href=\"https:\/\/nakotnesparks.lv\/wp-content\/uploads\/2025\/08\/nakotnes-parks-naktsmitnes-e1756959764466.jpg\" data-fancybox=\"gallery\">\n                                    <img decoding=\"async\" src=\"https:\/\/nakotnesparks.lv\/wp-content\/uploads\/2025\/08\/nakotnes-parks-naktsmitnes-e1756959764466.jpg\" alt=\"Br\u012bvdienu m\u0101ja &quot;P\u016bpoli&quot;\">\n                                <\/a>\n                                                            <a href=\"https:\/\/nakotnesparks.lv\/wp-content\/uploads\/2025\/08\/abeles-un-bites-4.jpg\" data-fancybox=\"gallery\">\n                                    <img decoding=\"async\" src=\"https:\/\/nakotnesparks.lv\/wp-content\/uploads\/2025\/08\/abeles-un-bites-4.jpg\" alt=\"\u0100beles un bites\">\n                                <\/a>\n                                                            <a href=\"https:\/\/nakotnesparks.lv\/wp-content\/uploads\/2025\/08\/nakotnes-parks-sakumlapa-4.jpg\" data-fancybox=\"gallery\">\n                                    <img decoding=\"async\" src=\"https:\/\/nakotnesparks.lv\/wp-content\/uploads\/2025\/08\/nakotnes-parks-sakumlapa-4.jpg\" alt=\"N\u0101kotnes industri\u0101lais parks\">\n                                <\/a>\n                                                            <a href=\"https:\/\/nakotnesparks.lv\/wp-content\/uploads\/2025\/08\/nakotnes-parks-sakumlapa-1.jpg\" data-fancybox=\"gallery\">\n                                    <img decoding=\"async\" src=\"https:\/\/nakotnesparks.lv\/wp-content\/uploads\/2025\/08\/nakotnes-parks-sakumlapa-1.jpg\" alt=\"N\u0101kotnes industri\u0101lais parks\">\n                                <\/a>\n                                                    <\/div>\n                                    <\/div>\n                            <\/div>\n        <\/div>\n    <\/div>\n<\/section><section id=\"text-and-image-block_14113264d4ee8bd47a5705a11eb5248a\" class=\"block text-and-image \">\n    <div class=\"grid-container\">\n\t\t<div class=\"grid-x grid-padding-x\">\n\t\t\t<div class=\"cell\">\t\t\t\n\t\t\t\t<div class=\"grid-x grid-padding-x align-justify \">\n\t\t\t\t\t<div class=\"cell small-12 large-5 \">\n                       \t<div class=\"text-and-image__desc\">\n\t\t\t\t\t\t\t<h2>Get to know Future Park<\/h2>\n<p>In the &#8220;Future Park&#8221;, you can have a glimpse into the past &#8211; in the repository of antiquities and the &#8220;Time Machine&#8221; workshop, you can see vintage objects and learn about their stories. We also have a retro motorcycle collection, including almost all the mopeds of the Riga motor factory &#8220;Red Star&#8221;.<\/p>\n<p>The site is enriched by the Nordcrunch eco-products production facilities and the Future Wings heliport, with the slogan &#8220;Safe flight for the future&#8221;. And you can relax in nature and recharge your batteries in the apple orchard &#8220;Apple Trees and Bees&#8221;, where the best memories and the most beautiful photos are made. In the 7.4-hectare apple orchard, you can stay longer in one of the accommodations, including for romantic adventurers, in a well-equipped Gaz 63!<\/p>\n<p>And that&#8217;s not all! &#8220;Future Park is being developed every day to offer more and more varied leisure, adventure and sensations.<\/p>\n\t\t\t\t\t\t\t\t\t\t\t\t\t<\/div>\n\t\t\t\t\t<\/div>\n\t\t\t\t\t<div class=\"cell small-12 large-6\">\n\t\t\t\t\t\t<figure><img decoding=\"async\" src=\"https:\/\/nakotnesparks.lv\/wp-content\/uploads\/2025\/07\/3674457f7de74497001db0297c78853c3b3f2915.png\" alt=\"\"><\/figure>\n\t\t\t\t\t<\/div>\n\t\t\t\t<\/div>\n\t\t\t<\/div>\n\t\t<\/div>\n\t<\/div>\n<\/section>\n\n\n\n\n\n","protected":false},"excerpt":{"rendered":"","protected":false},"author":1,"featured_media":1959,"parent":0,"menu_order":0,"comment_status":"closed","ping_status":"closed","template":"","meta":{"_acf_changed":false,"footnotes":""},"class_list":["post-1952","page","type-page","status-publish","has-post-thumbnail","hentry"],"acf":[],"yoast_head":"<!-- This site is optimized with the Yoast SEO plugin v25.7 - https:\/\/yoast.com\/wordpress\/plugins\/seo\/ -->\n<title>About us - N\u0101kotnes parks<\/title>\n<meta name=\"description\" content=\"Future Park offers a glimpse into the past - in the Antiquities Repository and the Time Machine workshop, you can see vintage objects and learn their stories\" \/>\n<meta name=\"robots\" content=\"index, follow, max-snippet:-1, max-image-preview:large, max-video-preview:-1\" \/>\n<link rel=\"canonical\" href=\"https:\/\/nakotnesparks.lv\/en\/about-us\/\" \/>\n<meta property=\"og:locale\" content=\"en_US\" \/>\n<meta property=\"og:type\" content=\"article\" \/>\n<meta property=\"og:title\" content=\"About us - N\u0101kotnes parks\" \/>\n<meta property=\"og:description\" content=\"Future Park offers a glimpse into the past - in the Antiquities Repository and the Time Machine workshop, you can see vintage objects and learn their stories\" \/>\n<meta property=\"og:url\" content=\"https:\/\/nakotnesparks.lv\/en\/about-us\/\" \/>\n<meta property=\"og:site_name\" content=\"N\u0101kotnes parks\" \/>\n<meta property=\"article:publisher\" content=\"https:\/\/www.facebook.com\/iedvesmasvietaNakotnesParks\" \/>\n<meta property=\"article:modified_time\" content=\"2026-03-18T09:16:05+00:00\" \/>\n<meta property=\"og:image\" content=\"https:\/\/nakotnesparks.lv\/wp-content\/uploads\/2025\/09\/Konferencu-telpas-fokusetam-un-saturiski-vertigam-tiksanas-reizem-1-1.jpg\" \/>\n\t<meta property=\"og:image:width\" content=\"990\" \/>\n\t<meta property=\"og:image:height\" content=\"459\" \/>\n\t<meta property=\"og:image:type\" content=\"image\/jpeg\" \/>\n<meta name=\"twitter:card\" content=\"summary_large_image\" \/>\n<script type=\"application\/ld+json\" class=\"yoast-schema-graph\">{\"@context\":\"https:\/\/schema.org\",\"@graph\":[{\"@type\":\"WebPage\",\"@id\":\"https:\/\/nakotnesparks.lv\/en\/about-us\/\",\"url\":\"https:\/\/nakotnesparks.lv\/en\/about-us\/\",\"name\":\"About us - N\u0101kotnes parks\",\"isPartOf\":{\"@id\":\"https:\/\/nakotnesparks.lv\/en\/#website\"},\"primaryImageOfPage\":{\"@id\":\"https:\/\/nakotnesparks.lv\/en\/about-us\/#primaryimage\"},\"image\":{\"@id\":\"https:\/\/nakotnesparks.lv\/en\/about-us\/#primaryimage\"},\"thumbnailUrl\":\"https:\/\/nakotnesparks.lv\/wp-content\/uploads\/2025\/09\/Konferencu-telpas-fokusetam-un-saturiski-vertigam-tiksanas-reizem-1-1.jpg\",\"datePublished\":\"2025-08-08T08:57:09+00:00\",\"dateModified\":\"2026-03-18T09:16:05+00:00\",\"description\":\"Future Park offers a glimpse into the past - in the Antiquities Repository and the Time Machine workshop, you can see vintage objects and learn their stories\",\"breadcrumb\":{\"@id\":\"https:\/\/nakotnesparks.lv\/en\/about-us\/#breadcrumb\"},\"inLanguage\":\"en-US\",\"potentialAction\":[{\"@type\":\"ReadAction\",\"target\":[\"https:\/\/nakotnesparks.lv\/en\/about-us\/\"]}]},{\"@type\":\"ImageObject\",\"inLanguage\":\"en-US\",\"@id\":\"https:\/\/nakotnesparks.lv\/en\/about-us\/#primaryimage\",\"url\":\"https:\/\/nakotnesparks.lv\/wp-content\/uploads\/2025\/09\/Konferencu-telpas-fokusetam-un-saturiski-vertigam-tiksanas-reizem-1-1.jpg\",\"contentUrl\":\"https:\/\/nakotnesparks.lv\/wp-content\/uploads\/2025\/09\/Konferencu-telpas-fokusetam-un-saturiski-vertigam-tiksanas-reizem-1-1.jpg\",\"width\":990,\"height\":459,\"caption\":\"Conference rooms for focused and meaningful meetings\"},{\"@type\":\"BreadcrumbList\",\"@id\":\"https:\/\/nakotnesparks.lv\/en\/about-us\/#breadcrumb\",\"itemListElement\":[{\"@type\":\"ListItem\",\"position\":1,\"name\":\"S\u0101kums\",\"item\":\"https:\/\/nakotnesparks.lv\/en\/?page_id=1913\"},{\"@type\":\"ListItem\",\"position\":2,\"name\":\"About us\"}]},{\"@type\":\"WebSite\",\"@id\":\"https:\/\/nakotnesparks.lv\/en\/#website\",\"url\":\"https:\/\/nakotnesparks.lv\/en\/\",\"name\":\"Nakotnesparks.lv\",\"description\":\"\u0160eit satiekas pag\u0101tne, tagadne un n\u0101kotne!\",\"potentialAction\":[{\"@type\":\"SearchAction\",\"target\":{\"@type\":\"EntryPoint\",\"urlTemplate\":\"https:\/\/nakotnesparks.lv\/en\/?s={search_term_string}\"},\"query-input\":{\"@type\":\"PropertyValueSpecification\",\"valueRequired\":true,\"valueName\":\"search_term_string\"}}],\"inLanguage\":\"en-US\"}]}<\/script>\n<!-- \/ Yoast SEO plugin. -->","yoast_head_json":{"title":"About us - N\u0101kotnes parks","description":"Future Park offers a glimpse into the past - in the Antiquities Repository and the Time Machine workshop, you can see vintage objects and learn their stories","robots":{"index":"index","follow":"follow","max-snippet":"max-snippet:-1","max-image-preview":"max-image-preview:large","max-video-preview":"max-video-preview:-1"},"canonical":"https:\/\/nakotnesparks.lv\/en\/about-us\/","og_locale":"en_US","og_type":"article","og_title":"About us - N\u0101kotnes parks","og_description":"Future Park offers a glimpse into the past - in the Antiquities Repository and the Time Machine workshop, you can see vintage objects and learn their stories","og_url":"https:\/\/nakotnesparks.lv\/en\/about-us\/","og_site_name":"N\u0101kotnes parks","article_publisher":"https:\/\/www.facebook.com\/iedvesmasvietaNakotnesParks","article_modified_time":"2026-03-18T09:16:05+00:00","og_image":[{"width":990,"height":459,"url":"https:\/\/nakotnesparks.lv\/wp-content\/uploads\/2025\/09\/Konferencu-telpas-fokusetam-un-saturiski-vertigam-tiksanas-reizem-1-1.jpg","type":"image\/jpeg"}],"twitter_card":"summary_large_image","schema":{"@context":"https:\/\/schema.org","@graph":[{"@type":"WebPage","@id":"https:\/\/nakotnesparks.lv\/en\/about-us\/","url":"https:\/\/nakotnesparks.lv\/en\/about-us\/","name":"About us - N\u0101kotnes parks","isPartOf":{"@id":"https:\/\/nakotnesparks.lv\/en\/#website"},"primaryImageOfPage":{"@id":"https:\/\/nakotnesparks.lv\/en\/about-us\/#primaryimage"},"image":{"@id":"https:\/\/nakotnesparks.lv\/en\/about-us\/#primaryimage"},"thumbnailUrl":"https:\/\/nakotnesparks.lv\/wp-content\/uploads\/2025\/09\/Konferencu-telpas-fokusetam-un-saturiski-vertigam-tiksanas-reizem-1-1.jpg","datePublished":"2025-08-08T08:57:09+00:00","dateModified":"2026-03-18T09:16:05+00:00","description":"Future Park offers a glimpse into the past - in the Antiquities Repository and the Time Machine workshop, you can see vintage objects and learn their stories","breadcrumb":{"@id":"https:\/\/nakotnesparks.lv\/en\/about-us\/#breadcrumb"},"inLanguage":"en-US","potentialAction":[{"@type":"ReadAction","target":["https:\/\/nakotnesparks.lv\/en\/about-us\/"]}]},{"@type":"ImageObject","inLanguage":"en-US","@id":"https:\/\/nakotnesparks.lv\/en\/about-us\/#primaryimage","url":"https:\/\/nakotnesparks.lv\/wp-content\/uploads\/2025\/09\/Konferencu-telpas-fokusetam-un-saturiski-vertigam-tiksanas-reizem-1-1.jpg","contentUrl":"https:\/\/nakotnesparks.lv\/wp-content\/uploads\/2025\/09\/Konferencu-telpas-fokusetam-un-saturiski-vertigam-tiksanas-reizem-1-1.jpg","width":990,"height":459,"caption":"Conference rooms for focused and meaningful meetings"},{"@type":"BreadcrumbList","@id":"https:\/\/nakotnesparks.lv\/en\/about-us\/#breadcrumb","itemListElement":[{"@type":"ListItem","position":1,"name":"S\u0101kums","item":"https:\/\/nakotnesparks.lv\/en\/?page_id=1913"},{"@type":"ListItem","position":2,"name":"About us"}]},{"@type":"WebSite","@id":"https:\/\/nakotnesparks.lv\/en\/#website","url":"https:\/\/nakotnesparks.lv\/en\/","name":"Nakotnesparks.lv","description":"\u0160eit satiekas pag\u0101tne, tagadne un n\u0101kotne!","potentialAction":[{"@type":"SearchAction","target":{"@type":"EntryPoint","urlTemplate":"https:\/\/nakotnesparks.lv\/en\/?s={search_term_string}"},"query-input":{"@type":"PropertyValueSpecification","valueRequired":true,"valueName":"search_term_string"}}],"inLanguage":"en-US"}]}},"_links":{"self":[{"href":"https:\/\/nakotnesparks.lv\/en\/wp-json\/wp\/v2\/pages\/1952","targetHints":{"allow":["GET"]}}],"collection":[{"href":"https:\/\/nakotnesparks.lv\/en\/wp-json\/wp\/v2\/pages"}],"about":[{"href":"https:\/\/nakotnesparks.lv\/en\/wp-json\/wp\/v2\/types\/page"}],"author":[{"embeddable":true,"href":"https:\/\/nakotnesparks.lv\/en\/wp-json\/wp\/v2\/users\/1"}],"replies":[{"embeddable":true,"href":"https:\/\/nakotnesparks.lv\/en\/wp-json\/wp\/v2\/comments?post=1952"}],"version-history":[{"count":2,"href":"https:\/\/nakotnesparks.lv\/en\/wp-json\/wp\/v2\/pages\/1952\/revisions"}],"predecessor-version":[{"id":1961,"href":"https:\/\/nakotnesparks.lv\/en\/wp-json\/wp\/v2\/pages\/1952\/revisions\/1961"}],"wp:featuredmedia":[{"embeddable":true,"href":"https:\/\/nakotnesparks.lv\/en\/wp-json\/wp\/v2\/media\/1959"}],"wp:attachment":[{"href":"https:\/\/nakotnesparks.lv\/en\/wp-json\/wp\/v2\/media?parent=1952"}],"curies":[{"name":"wp","href":"https:\/\/api.w.org\/{rel}","templated":true}]}}