{"id":1948,"date":"2025-07-28T14:37:28","date_gmt":"2025-07-28T14:37:28","guid":{"rendered":"https:\/\/nakotnesparks.lv\/news\/"},"modified":"2025-07-28T14:37:28","modified_gmt":"2025-07-28T14:37:28","slug":"news","status":"publish","type":"page","link":"https:\/\/nakotnesparks.lv\/en\/news\/","title":{"rendered":"News"},"content":{"rendered":"","protected":false},"excerpt":{"rendered":"","protected":false},"author":1,"featured_media":1949,"parent":0,"menu_order":0,"comment_status":"closed","ping_status":"closed","template":"","meta":{"_acf_changed":false,"footnotes":""},"class_list":["post-1948","page","type-page","status-publish","has-post-thumbnail","hentry"],"acf":[],"yoast_head":"<!-- This site is optimized with the Yoast SEO plugin v27.4 - https:\/\/yoast.com\/product\/yoast-seo-wordpress\/ -->\n<title>News - N\u0101kotnes parks<\/title>\n<meta name=\"robots\" content=\"index, follow, max-snippet:-1, max-image-preview:large, max-video-preview:-1\" \/>\n<link rel=\"canonical\" href=\"https:\/\/nakotnesparks.lv\/en\/news\/\" \/>\n<meta property=\"og:locale\" content=\"en_US\" \/>\n<meta property=\"og:type\" content=\"article\" \/>\n<meta property=\"og:title\" content=\"News - N\u0101kotnes parks\" \/>\n<meta property=\"og:url\" content=\"https:\/\/nakotnesparks.lv\/en\/news\/\" \/>\n<meta property=\"og:site_name\" content=\"N\u0101kotnes parks\" \/>\n<meta property=\"article:publisher\" content=\"https:\/\/www.facebook.com\/iedvesmasvietaNakotnesParks\" \/>\n<meta property=\"og:image\" content=\"https:\/\/nakotnesparks.lv\/wp-content\/uploads\/2025\/07\/image-6.png\" \/>\n\t<meta property=\"og:image:width\" content=\"1344\" \/>\n\t<meta property=\"og:image:height\" content=\"400\" \/>\n\t<meta property=\"og:image:type\" content=\"image\/png\" \/>\n<meta name=\"twitter:card\" content=\"summary_large_image\" \/>\n<script type=\"application\/ld+json\" class=\"yoast-schema-graph\">{\"@context\":\"https:\\\/\\\/schema.org\",\"@graph\":[{\"@type\":[\"WebPage\",\"CollectionPage\"],\"@id\":\"https:\\\/\\\/nakotnesparks.lv\\\/en\\\/news\\\/\",\"url\":\"https:\\\/\\\/nakotnesparks.lv\\\/en\\\/news\\\/\",\"name\":\"News - N\u0101kotnes parks\",\"isPartOf\":{\"@id\":\"https:\\\/\\\/nakotnesparks.lv\\\/en\\\/#website\"},\"primaryImageOfPage\":{\"@id\":\"https:\\\/\\\/nakotnesparks.lv\\\/en\\\/news\\\/#primaryimage\"},\"image\":{\"@id\":\"https:\\\/\\\/nakotnesparks.lv\\\/en\\\/news\\\/#primaryimage\"},\"thumbnailUrl\":\"https:\\\/\\\/nakotnesparks.lv\\\/wp-content\\\/uploads\\\/2025\\\/07\\\/image-6.png\",\"datePublished\":\"2025-07-28T14:37:28+00:00\",\"breadcrumb\":{\"@id\":\"https:\\\/\\\/nakotnesparks.lv\\\/en\\\/news\\\/#breadcrumb\"},\"inLanguage\":\"en-US\"},{\"@type\":\"ImageObject\",\"inLanguage\":\"en-US\",\"@id\":\"https:\\\/\\\/nakotnesparks.lv\\\/en\\\/news\\\/#primaryimage\",\"url\":\"https:\\\/\\\/nakotnesparks.lv\\\/wp-content\\\/uploads\\\/2025\\\/07\\\/image-6.png\",\"contentUrl\":\"https:\\\/\\\/nakotnesparks.lv\\\/wp-content\\\/uploads\\\/2025\\\/07\\\/image-6.png\",\"width\":1344,\"height\":400},{\"@type\":\"BreadcrumbList\",\"@id\":\"https:\\\/\\\/nakotnesparks.lv\\\/en\\\/news\\\/#breadcrumb\",\"itemListElement\":[{\"@type\":\"ListItem\",\"position\":1,\"name\":\"S\u0101kums\",\"item\":\"https:\\\/\\\/nakotnesparks.lv\\\/en\\\/?page_id=1913\"},{\"@type\":\"ListItem\",\"position\":2,\"name\":\"News\"}]},{\"@type\":\"WebSite\",\"@id\":\"https:\\\/\\\/nakotnesparks.lv\\\/en\\\/#website\",\"url\":\"https:\\\/\\\/nakotnesparks.lv\\\/en\\\/\",\"name\":\"Nakotnesparks.lv\",\"description\":\"\u0160eit satiekas pag\u0101tne, tagadne un n\u0101kotne!\",\"potentialAction\":[{\"@type\":\"SearchAction\",\"target\":{\"@type\":\"EntryPoint\",\"urlTemplate\":\"https:\\\/\\\/nakotnesparks.lv\\\/en\\\/?s={search_term_string}\"},\"query-input\":{\"@type\":\"PropertyValueSpecification\",\"valueRequired\":true,\"valueName\":\"search_term_string\"}}],\"inLanguage\":\"en-US\"}]}<\/script>\n<!-- \/ Yoast SEO plugin. -->","yoast_head_json":{"title":"News - N\u0101kotnes parks","robots":{"index":"index","follow":"follow","max-snippet":"max-snippet:-1","max-image-preview":"max-image-preview:large","max-video-preview":"max-video-preview:-1"},"canonical":"https:\/\/nakotnesparks.lv\/en\/news\/","og_locale":"en_US","og_type":"article","og_title":"News - N\u0101kotnes parks","og_url":"https:\/\/nakotnesparks.lv\/en\/news\/","og_site_name":"N\u0101kotnes parks","article_publisher":"https:\/\/www.facebook.com\/iedvesmasvietaNakotnesParks","og_image":[{"width":1344,"height":400,"url":"https:\/\/nakotnesparks.lv\/wp-content\/uploads\/2025\/07\/image-6.png","type":"image\/png"}],"twitter_card":"summary_large_image","schema":{"@context":"https:\/\/schema.org","@graph":[{"@type":["WebPage","CollectionPage"],"@id":"https:\/\/nakotnesparks.lv\/en\/news\/","url":"https:\/\/nakotnesparks.lv\/en\/news\/","name":"News - N\u0101kotnes parks","isPartOf":{"@id":"https:\/\/nakotnesparks.lv\/en\/#website"},"primaryImageOfPage":{"@id":"https:\/\/nakotnesparks.lv\/en\/news\/#primaryimage"},"image":{"@id":"https:\/\/nakotnesparks.lv\/en\/news\/#primaryimage"},"thumbnailUrl":"https:\/\/nakotnesparks.lv\/wp-content\/uploads\/2025\/07\/image-6.png","datePublished":"2025-07-28T14:37:28+00:00","breadcrumb":{"@id":"https:\/\/nakotnesparks.lv\/en\/news\/#breadcrumb"},"inLanguage":"en-US"},{"@type":"ImageObject","inLanguage":"en-US","@id":"https:\/\/nakotnesparks.lv\/en\/news\/#primaryimage","url":"https:\/\/nakotnesparks.lv\/wp-content\/uploads\/2025\/07\/image-6.png","contentUrl":"https:\/\/nakotnesparks.lv\/wp-content\/uploads\/2025\/07\/image-6.png","width":1344,"height":400},{"@type":"BreadcrumbList","@id":"https:\/\/nakotnesparks.lv\/en\/news\/#breadcrumb","itemListElement":[{"@type":"ListItem","position":1,"name":"S\u0101kums","item":"https:\/\/nakotnesparks.lv\/en\/?page_id=1913"},{"@type":"ListItem","position":2,"name":"News"}]},{"@type":"WebSite","@id":"https:\/\/nakotnesparks.lv\/en\/#website","url":"https:\/\/nakotnesparks.lv\/en\/","name":"Nakotnesparks.lv","description":"\u0160eit satiekas pag\u0101tne, tagadne un n\u0101kotne!","potentialAction":[{"@type":"SearchAction","target":{"@type":"EntryPoint","urlTemplate":"https:\/\/nakotnesparks.lv\/en\/?s={search_term_string}"},"query-input":{"@type":"PropertyValueSpecification","valueRequired":true,"valueName":"search_term_string"}}],"inLanguage":"en-US"}]}},"_links":{"self":[{"href":"https:\/\/nakotnesparks.lv\/en\/wp-json\/wp\/v2\/pages\/1948","targetHints":{"allow":["GET"]}}],"collection":[{"href":"https:\/\/nakotnesparks.lv\/en\/wp-json\/wp\/v2\/pages"}],"about":[{"href":"https:\/\/nakotnesparks.lv\/en\/wp-json\/wp\/v2\/types\/page"}],"author":[{"embeddable":true,"href":"https:\/\/nakotnesparks.lv\/en\/wp-json\/wp\/v2\/users\/1"}],"replies":[{"embeddable":true,"href":"https:\/\/nakotnesparks.lv\/en\/wp-json\/wp\/v2\/comments?post=1948"}],"version-history":[{"count":0,"href":"https:\/\/nakotnesparks.lv\/en\/wp-json\/wp\/v2\/pages\/1948\/revisions"}],"wp:featuredmedia":[{"embeddable":true,"href":"https:\/\/nakotnesparks.lv\/en\/wp-json\/wp\/v2\/media\/1949"}],"wp:attachment":[{"href":"https:\/\/nakotnesparks.lv\/en\/wp-json\/wp\/v2\/media?parent=1948"}],"curies":[{"name":"wp","href":"https:\/\/api.w.org\/{rel}","templated":true}]}}