{"id":1908,"date":"2025-10-20T10:14:53","date_gmt":"2025-10-20T10:14:53","guid":{"rendered":"https:\/\/nakotnesparks.lv\/terms-of-use\/"},"modified":"2026-03-18T09:16:00","modified_gmt":"2026-03-18T09:16:00","slug":"terms-of-use","status":"publish","type":"page","link":"https:\/\/nakotnesparks.lv\/en\/terms-of-use\/","title":{"rendered":"Terms of use"},"content":{"rendered":"\n\n\n    <div class=\"grid-container\">\n        <div class=\"grid-x grid-padding-x align-center\">\n            <div class=\"cell small-12 medium-8 cms-container \">\n\n\n\n\n\n<h1 class=\"wp-block-heading\">Terms of use<\/h1>\n\n<p>ALFA VSI, SIA, Re\u0123. &#8220;Industri\u0101lais parks&#8221;, Gl\u016bdas pag., Jelgavas nov., LV-3040, hereinafter &#8211; the website &#8211; provides the content available on the website and provides services in accordance with the Terms of Use set out below.<\/p>\n\n<p><strong>1. General rules<\/strong><\/p>\n\n<ol class=\"wp-block-list\"><\/ol>\n\n<p>The website provides information about the services offered by ALFA VSI, Ltd. Orders can be placed by filling in the form or by sending an email with your request to info@nakotnesparks.lv<\/p>\n\n<p><strong>Privacy policy and data processing.<\/strong><\/p>\n\n<p>The website collects only the information that the customer submits for contact. Data processing is carried out in accordance with the applicable laws and regulations. The website uses cookies to improve the user experience.<\/p>\n\n<p><strong>Dispute resolution<\/strong><\/p>\n\n<p>In matters not covered by these Terms and Conditions, the Buyer and the Seller undertake to comply with the laws and regulations in force in the Republic of Latvia.<\/p>\n\n<p>The Parties shall resolve any disputes arising between the Seller and the Buyer by mutual negotiation or correspondence. If the dispute cannot be resolved by negotiation or correspondence, the Parties shall settle the dispute in the courts of the Republic of Latvia in accordance with the laws and regulations of the Republic of Latvia. Disputes between the Buyer (consumer) and the Seller may be referred to the Consumer Rights Protection Centre or to a court of the Republic of Latvia.<\/p>\n\n<p>The Buyer shall also have the right to apply to the dispute settlement bodies of the European Union.<\/p>\n\n<p><strong>Rule changes<\/strong><\/p>\n\n<p>The Company reserves the right to change the Terms at any time. The current version is always available on the Website.<\/p>\n\n<p><strong>Final Rules<\/strong><\/p>\n\n<p>By using the Website, the User agrees to these Terms.<\/p>\n","protected":false},"excerpt":{"rendered":"<p>Terms of use ALFA VSI, SIA, Re\u0123. &#8220;Industri\u0101lais parks&#8221;, Gl\u016bdas pag., Jelgavas nov., LV-3040, hereinafter &#8211; the website &#8211; provides the content available on the website and provides services in accordance with the Terms of Use set out below. 1. General rules The website provides information about the services offered by ALFA VSI, Ltd. Orders&#8230; <a class=\"excerpt-read-more\" href=\"https:\/\/nakotnesparks.lv\/en\/terms-of-use\/\" title=\"ReadTerms of use\">Read more &raquo;<\/a><\/p>\n","protected":false},"author":1,"featured_media":0,"parent":0,"menu_order":0,"comment_status":"closed","ping_status":"closed","template":"","meta":{"_acf_changed":false,"footnotes":""},"class_list":["post-1908","page","type-page","status-publish","hentry"],"acf":[],"yoast_head":"<!-- This site is optimized with the Yoast SEO plugin v25.7 - https:\/\/yoast.com\/wordpress\/plugins\/seo\/ -->\n<title>Terms of use - N\u0101kotnes parks<\/title>\n<meta name=\"robots\" content=\"index, follow, max-snippet:-1, max-image-preview:large, max-video-preview:-1\" \/>\n<link rel=\"canonical\" href=\"https:\/\/nakotnesparks.lv\/en\/terms-of-use\/\" \/>\n<meta property=\"og:locale\" content=\"en_US\" \/>\n<meta property=\"og:type\" content=\"article\" \/>\n<meta property=\"og:title\" content=\"Terms of use - N\u0101kotnes parks\" \/>\n<meta property=\"og:description\" content=\"Terms of use ALFA VSI, SIA, Re\u0123. &#8220;Industri\u0101lais parks&#8221;, Gl\u016bdas pag., Jelgavas nov., LV-3040, hereinafter &#8211; the website &#8211; provides the content available on the website and provides services in accordance with the Terms of Use set out below. 1. General rules The website provides information about the services offered by ALFA VSI, Ltd. Orders... Read more &raquo;\" \/>\n<meta property=\"og:url\" content=\"https:\/\/nakotnesparks.lv\/en\/terms-of-use\/\" \/>\n<meta property=\"og:site_name\" content=\"N\u0101kotnes parks\" \/>\n<meta property=\"article:publisher\" content=\"https:\/\/www.facebook.com\/iedvesmasvietaNakotnesParks\" \/>\n<meta property=\"article:modified_time\" content=\"2026-03-18T09:16:00+00:00\" \/>\n<meta name=\"twitter:card\" content=\"summary_large_image\" \/>\n<meta name=\"twitter:label1\" content=\"Est. reading time\" \/>\n\t<meta name=\"twitter:data1\" content=\"1 minute\" \/>\n<script type=\"application\/ld+json\" class=\"yoast-schema-graph\">{\"@context\":\"https:\/\/schema.org\",\"@graph\":[{\"@type\":\"WebPage\",\"@id\":\"https:\/\/nakotnesparks.lv\/en\/terms-of-use\/\",\"url\":\"https:\/\/nakotnesparks.lv\/en\/terms-of-use\/\",\"name\":\"Terms of use - N\u0101kotnes parks\",\"isPartOf\":{\"@id\":\"https:\/\/nakotnesparks.lv\/en\/#website\"},\"datePublished\":\"2025-10-20T10:14:53+00:00\",\"dateModified\":\"2026-03-18T09:16:00+00:00\",\"breadcrumb\":{\"@id\":\"https:\/\/nakotnesparks.lv\/en\/terms-of-use\/#breadcrumb\"},\"inLanguage\":\"en-US\",\"potentialAction\":[{\"@type\":\"ReadAction\",\"target\":[\"https:\/\/nakotnesparks.lv\/en\/terms-of-use\/\"]}]},{\"@type\":\"BreadcrumbList\",\"@id\":\"https:\/\/nakotnesparks.lv\/en\/terms-of-use\/#breadcrumb\",\"itemListElement\":[{\"@type\":\"ListItem\",\"position\":1,\"name\":\"S\u0101kums\",\"item\":\"https:\/\/nakotnesparks.lv\/en\/?page_id=1913\"},{\"@type\":\"ListItem\",\"position\":2,\"name\":\"Terms of use\"}]},{\"@type\":\"WebSite\",\"@id\":\"https:\/\/nakotnesparks.lv\/en\/#website\",\"url\":\"https:\/\/nakotnesparks.lv\/en\/\",\"name\":\"Nakotnesparks.lv\",\"description\":\"\u0160eit satiekas pag\u0101tne, tagadne un n\u0101kotne!\",\"potentialAction\":[{\"@type\":\"SearchAction\",\"target\":{\"@type\":\"EntryPoint\",\"urlTemplate\":\"https:\/\/nakotnesparks.lv\/en\/?s={search_term_string}\"},\"query-input\":{\"@type\":\"PropertyValueSpecification\",\"valueRequired\":true,\"valueName\":\"search_term_string\"}}],\"inLanguage\":\"en-US\"}]}<\/script>\n<!-- \/ Yoast SEO plugin. -->","yoast_head_json":{"title":"Terms of use - N\u0101kotnes parks","robots":{"index":"index","follow":"follow","max-snippet":"max-snippet:-1","max-image-preview":"max-image-preview:large","max-video-preview":"max-video-preview:-1"},"canonical":"https:\/\/nakotnesparks.lv\/en\/terms-of-use\/","og_locale":"en_US","og_type":"article","og_title":"Terms of use - N\u0101kotnes parks","og_description":"Terms of use ALFA VSI, SIA, Re\u0123. &#8220;Industri\u0101lais parks&#8221;, Gl\u016bdas pag., Jelgavas nov., LV-3040, hereinafter &#8211; the website &#8211; provides the content available on the website and provides services in accordance with the Terms of Use set out below. 1. General rules The website provides information about the services offered by ALFA VSI, Ltd. Orders... Read more &raquo;","og_url":"https:\/\/nakotnesparks.lv\/en\/terms-of-use\/","og_site_name":"N\u0101kotnes parks","article_publisher":"https:\/\/www.facebook.com\/iedvesmasvietaNakotnesParks","article_modified_time":"2026-03-18T09:16:00+00:00","twitter_card":"summary_large_image","twitter_misc":{"Est. reading time":"1 minute"},"schema":{"@context":"https:\/\/schema.org","@graph":[{"@type":"WebPage","@id":"https:\/\/nakotnesparks.lv\/en\/terms-of-use\/","url":"https:\/\/nakotnesparks.lv\/en\/terms-of-use\/","name":"Terms of use - N\u0101kotnes parks","isPartOf":{"@id":"https:\/\/nakotnesparks.lv\/en\/#website"},"datePublished":"2025-10-20T10:14:53+00:00","dateModified":"2026-03-18T09:16:00+00:00","breadcrumb":{"@id":"https:\/\/nakotnesparks.lv\/en\/terms-of-use\/#breadcrumb"},"inLanguage":"en-US","potentialAction":[{"@type":"ReadAction","target":["https:\/\/nakotnesparks.lv\/en\/terms-of-use\/"]}]},{"@type":"BreadcrumbList","@id":"https:\/\/nakotnesparks.lv\/en\/terms-of-use\/#breadcrumb","itemListElement":[{"@type":"ListItem","position":1,"name":"S\u0101kums","item":"https:\/\/nakotnesparks.lv\/en\/?page_id=1913"},{"@type":"ListItem","position":2,"name":"Terms of use"}]},{"@type":"WebSite","@id":"https:\/\/nakotnesparks.lv\/en\/#website","url":"https:\/\/nakotnesparks.lv\/en\/","name":"Nakotnesparks.lv","description":"\u0160eit satiekas pag\u0101tne, tagadne un n\u0101kotne!","potentialAction":[{"@type":"SearchAction","target":{"@type":"EntryPoint","urlTemplate":"https:\/\/nakotnesparks.lv\/en\/?s={search_term_string}"},"query-input":{"@type":"PropertyValueSpecification","valueRequired":true,"valueName":"search_term_string"}}],"inLanguage":"en-US"}]}},"_links":{"self":[{"href":"https:\/\/nakotnesparks.lv\/en\/wp-json\/wp\/v2\/pages\/1908","targetHints":{"allow":["GET"]}}],"collection":[{"href":"https:\/\/nakotnesparks.lv\/en\/wp-json\/wp\/v2\/pages"}],"about":[{"href":"https:\/\/nakotnesparks.lv\/en\/wp-json\/wp\/v2\/types\/page"}],"author":[{"embeddable":true,"href":"https:\/\/nakotnesparks.lv\/en\/wp-json\/wp\/v2\/users\/1"}],"replies":[{"embeddable":true,"href":"https:\/\/nakotnesparks.lv\/en\/wp-json\/wp\/v2\/comments?post=1908"}],"version-history":[{"count":2,"href":"https:\/\/nakotnesparks.lv\/en\/wp-json\/wp\/v2\/pages\/1908\/revisions"}],"predecessor-version":[{"id":1912,"href":"https:\/\/nakotnesparks.lv\/en\/wp-json\/wp\/v2\/pages\/1908\/revisions\/1912"}],"wp:attachment":[{"href":"https:\/\/nakotnesparks.lv\/en\/wp-json\/wp\/v2\/media?parent=1908"}],"curies":[{"name":"wp","href":"https:\/\/api.w.org\/{rel}","templated":true}]}}